{"id":305,"date":"2017-09-16T10:24:54","date_gmt":"2017-09-16T07:24:54","guid":{"rendered":"http:\/\/ktn-trans.ru\/?page_id=305"},"modified":"2023-11-16T19:35:19","modified_gmt":"2023-11-16T16:35:19","slug":"produktsiya","status":"publish","type":"page","link":"https:\/\/tls-company.com.tr\/tr\/produktsiya","title":{"rendered":"\u00dcr\u00fcnler"},"content":{"rendered":"<div class=\"rowtight homepromo\">\n<div class=\"tcol-lg-4 tcol-md-4 tcol-sm-4 tcol-xs-6 tcol-ss-12 home-iconmenu homeitemcount1\"><a title=\"\" href=\"\/en\/produktsiya\/aktivnyie-komponentyi\"><img decoding=\"async\" style=\"margin-bottom: 15px;\" src=\"\/wp-content\/uploads\/2017\/09\/Aktivnyie-komponentyi.jpg\" \/><span style=\"font-size: 20px; color: #ffffff;\">Aktif bile\u015fenler<\/span><\/a><\/div>\n<div class=\"tcol-lg-4 tcol-md-4 tcol-sm-4 tcol-xs-6 tcol-ss-12 home-iconmenu homeitemcount2\"><a title=\"\" href=\"\/en\/produktsiya\/passivnyie-komponentyi\"><img decoding=\"async\" style=\"margin-bottom: 15px;\" src=\"\/wp-content\/uploads\/2017\/09\/Passivnyie-komponentyi.jpg\" \/><span style=\"font-size: 20px; color: #ffffff;\">Pasif bile\u015fenler<\/span><\/a><\/div>\n<div class=\"tcol-lg-4 tcol-md-4 tcol-sm-4 tcol-xs-6 tcol-ss-12 home-iconmenu homeitemcount2\"><a title=\"\" href=\"\/en\/produktsiya\/elektromehanicheskie-komponentyi\"><img decoding=\"async\" style=\"margin-bottom: 15px;\" src=\"\/wp-content\/uploads\/2017\/09\/E`lektromehanicheskie-komponentyi.jpg\" \/><span style=\"font-size: 20px; color: #ffffff;\">Elektromekanik bile\u015fenler<\/span><\/a><\/div>\n<\/div>\n<div class=\"rowtight homepromo\">\n<div class=\"tcol-lg-4 tcol-md-4 tcol-sm-4 tcol-xs-6 tcol-ss-12 home-iconmenu homeitemcount1\"><a title=\"\" href=\"#\"><img decoding=\"async\" style=\"margin-bottom: 15px;\" src=\"\/wp-content\/uploads\/2017\/09\/Silovyie-komponentyi-i-moduli-istochniki-pitaniya-i-zashhita-tsepey.jpg\" \/><span style=\"font-size: 20px; color: #ffffff;\">G\u00fc\u00e7 bile\u015fenleri ve mod\u00fclleri, g\u00fc\u00e7 kaynaklar\u0131 ve devre korumas\u0131<\/span><\/a><\/div>\n<div class=\"tcol-lg-4 tcol-md-4 tcol-sm-4 tcol-xs-6 tcol-ss-12 home-iconmenu homeitemcount2\"><a title=\"\" href=\"#\"><img decoding=\"async\" style=\"margin-bottom: 15px;\" src=\"\/wp-content\/uploads\/2017\/09\/Poluprovodnikovaya-svetotehnika.jpg\" \/><span style=\"font-size: 20px; color: #ffffff;\">Ayd\u0131nlatma yar\u0131 iletken bile\u015fenleri<\/span><\/a><\/div>\n<div class=\"tcol-lg-4 tcol-md-4 tcol-sm-4 tcol-xs-6 tcol-ss-12 home-iconmenu homeitemcount2\"><a title=\"\" href=\"#\"><img decoding=\"async\" style=\"margin-bottom: 15px;\" src=\"\/wp-content\/uploads\/2017\/09\/Peredacha-dannyih-i-navigatsiya.jpg\" \/><span style=\"font-size: 20px; color: #ffffff;\">\u0130leti\u015fim ve navigasyon<\/span><\/a><\/div>\n<\/div>\n<div class=\"rowtight homepromo\">\n<div class=\"tcol-lg-4 tcol-md-4 tcol-sm-4 tcol-xs-6 tcol-ss-12 home-iconmenu homeitemcount1\"><a title=\"\" href=\"#\"><img decoding=\"async\" style=\"margin-bottom: 15px;\" src=\"\/wp-content\/uploads\/2017\/09\/Nakopiteli-dannyih.jpg\" \/><span style=\"font-size: 20px; color: #ffffff;\">Veri depolama<\/span><\/a><\/div>\n<div class=\"tcol-lg-4 tcol-md-4 tcol-sm-4 tcol-xs-6 tcol-ss-12 home-iconmenu homeitemcount2\"><a title=\"\" href=\"#\"><img decoding=\"async\" style=\"margin-bottom: 15px;\" src=\"\/wp-content\/uploads\/2017\/09\/Promyishlennaya-avtomatizatsiya.jpg\" \/><span style=\"font-size: 20px; color: #ffffff;\">End\u00fcstriyel Otomasyon<\/span><\/a><\/div>\n<div class=\"tcol-lg-4 tcol-md-4 tcol-sm-4 tcol-xs-6 tcol-ss-12 home-iconmenu homeitemcount2\"><a title=\"\" href=\"#\"><img decoding=\"async\" style=\"margin-bottom: 15px;\" src=\"\/wp-content\/uploads\/2017\/09\/Istochniki-pitaniya.jpg\" \/><span style=\"font-size: 20px; color: #ffffff;\">G\u00fc\u00e7 kayna\u011f\u0131 \u00fcniteleri<\/span><\/a><\/div>\n<\/div>\n<div class=\"rowtight homepromo\">\n<div class=\"tcol-lg-4 tcol-md-4 tcol-sm-4 tcol-xs-6 tcol-ss-12 home-iconmenu homeitemcount1\"><a title=\"\" href=\"#\"><img decoding=\"async\" style=\"margin-bottom: 15px;\" src=\"\/wp-content\/uploads\/2017\/09\/Vyisokonadezhnyie-i-ae`rokosmicheskie-komponentyi.jpg\" \/><span style=\"font-size: 20px; color: #ffffff;\">Hi-Rel ve Havac\u0131l\u0131k bile\u015fenleri<\/span><\/a><\/div>\n<div class=\"tcol-lg-4 tcol-md-4 tcol-sm-4 tcol-xs-6 tcol-ss-12 home-iconmenu homeitemcount2\"><a title=\"\" href=\"#\"><img decoding=\"async\" style=\"margin-bottom: 15px;\" src=\"\/wp-content\/uploads\/2017\/09\/Sistemyi-dostavki-vozduha-i-zhidkostey.jpg\" \/><span style=\"font-size: 20px; color: #ffffff;\">Hava ve s\u0131v\u0131 da\u011f\u0131t\u0131m sistemleri<\/span><\/a><\/div>\n<div class=\"tcol-lg-4 tcol-md-4 tcol-sm-4 tcol-xs-6 tcol-ss-12 home-iconmenu homeitemcount2\"><a title=\"\" href=\"#\"><img decoding=\"async\" style=\"margin-bottom: 15px;\" src=\"\/wp-content\/uploads\/2017\/09\/Komponentyi-mehatronnyih-sistem.jpg\" \/><span style=\"font-size: 20px; color: #ffffff;\">Mekatronik sistemler<\/span><\/a><\/div>\n<\/div>\n<div class=\"rowtight homepromo\">\n<div class=\"tcol-lg-4 tcol-md-4 tcol-sm-4 tcol-xs-6 tcol-ss-12 home-iconmenu homeitemcount1\"><a title=\"\" href=\"#\"><img decoding=\"async\" style=\"margin-bottom: 15px;\" src=\"\/wp-content\/uploads\/2017\/09\/Batarei-i-akkumulyatoryi.jpg\" \/><span style=\"font-size: 20px; color: #ffffff;\">Piller<\/span><\/a><\/div>\n<div class=\"tcol-lg-4 tcol-md-4 tcol-sm-4 tcol-xs-6 tcol-ss-12 home-iconmenu homeitemcount2\"><a title=\"\" href=\"#\"><img decoding=\"async\" style=\"margin-bottom: 15px;\" src=\"\/wp-content\/uploads\/2017\/09\/Instrumentyi.jpg\" \/><span style=\"font-size: 20px; color: #ffffff;\">Aletler<\/span><\/a><\/div>\n<div class=\"tcol-lg-4 tcol-md-4 tcol-sm-4 tcol-xs-6 tcol-ss-12 home-iconmenu homeitemcount2\"><a title=\"\" href=\"#\"><img decoding=\"async\" style=\"margin-bottom: 15px;\" src=\"\/wp-content\/uploads\/2017\/09\/Korpusa.jpg\" \/><span style=\"font-size: 20px; color: #ffffff;\">Konut<\/span><\/a><\/div>\n<\/div>\n<div class=\"rowtight homepromo\">\n<div class=\"tcol-lg-4 tcol-md-4 tcol-sm-4 tcol-xs-6 tcol-ss-12 home-iconmenu homeitemcount1\"><a title=\"\" href=\"#\"><img decoding=\"async\" style=\"margin-bottom: 15px;\" src=\"\/wp-content\/uploads\/2017\/09\/Identifikatsiya-i-markirovka.jpg\" \/><span style=\"font-size: 20px; color: #ffffff;\">Tan\u0131mlama ve i\u015faretleme<\/span><\/a><\/div>\n<div class=\"tcol-lg-4 tcol-md-4 tcol-sm-4 tcol-xs-6 tcol-ss-12 home-iconmenu homeitemcount2\"><\/div>\n<div class=\"tcol-lg-4 tcol-md-4 tcol-sm-4 tcol-xs-6 tcol-ss-12 home-iconmenu homeitemcount2\"><\/div>\n<\/div>","protected":false},"excerpt":{"rendered":"<p>Aktif bile\u015fenler Pasif bile\u015fenler Elektromekanik bile\u015fenler G\u00fc\u00e7 bile\u015fenleri ve mod\u00fclleri, g\u00fc\u00e7 kaynaklar\u0131 ve devre korumas\u0131 Ayd\u0131nlatma yar\u0131 iletken bile\u015fenleri \u0130leti\u015fim ve navigasyon Veri depolama End\u00fcstriyel Otomasyon G\u00fc\u00e7 kayna\u011f\u0131 \u00fcniteleri Hi-Rel ve Havac\u0131l\u0131k bile\u015fenleri Hava ve s\u0131v\u0131 da\u011f\u0131t\u0131m sistemleri Mekatronik sistemler &hellip; <a href=\"https:\/\/tls-company.com.tr\/tr\/produktsiya\">Devam\u0131<\/a><\/p>\n","protected":false},"author":1,"featured_media":0,"parent":0,"menu_order":0,"comment_status":"closed","ping_status":"closed","template":"page-fullwidth.php","meta":{"footnotes":""},"_links":{"self":[{"href":"https:\/\/tls-company.com.tr\/tr\/wp-json\/wp\/v2\/pages\/305"}],"collection":[{"href":"https:\/\/tls-company.com.tr\/tr\/wp-json\/wp\/v2\/pages"}],"about":[{"href":"https:\/\/tls-company.com.tr\/tr\/wp-json\/wp\/v2\/types\/page"}],"author":[{"embeddable":true,"href":"https:\/\/tls-company.com.tr\/tr\/wp-json\/wp\/v2\/users\/1"}],"replies":[{"embeddable":true,"href":"https:\/\/tls-company.com.tr\/tr\/wp-json\/wp\/v2\/comments?post=305"}],"version-history":[{"count":2,"href":"https:\/\/tls-company.com.tr\/tr\/wp-json\/wp\/v2\/pages\/305\/revisions"}],"predecessor-version":[{"id":13431,"href":"https:\/\/tls-company.com.tr\/tr\/wp-json\/wp\/v2\/pages\/305\/revisions\/13431"}],"wp:attachment":[{"href":"https:\/\/tls-company.com.tr\/tr\/wp-json\/wp\/v2\/media?parent=305"}],"curies":[{"name":"wp","href":"https:\/\/api.w.org\/{rel}","templated":true}]}}