{"id":2,"date":"2016-08-05T19:06:55","date_gmt":"2016-08-05T16:06:55","guid":{"rendered":"http:\/\/ktn-trans.ru\/?page_id=2"},"modified":"2024-01-06T15:45:41","modified_gmt":"2024-01-06T12:45:41","slug":"o-kompanii","status":"publish","type":"page","link":"https:\/\/tls-company.com.tr\/tr\/","title":{"rendered":"\u015eirket hakk\u0131nda"},"content":{"rendered":"[vc_row css=&#8221;.vc_custom_1700149490716{margin-bottom: 40px !important;}&#8221;][vc_column]\n<div id=\"rev_slider_1_2_wrapper\" class=\"rev_slider_wrapper fullwidthbanner-container\" data-source=\"gallery\" style=\"margin:0px auto;background:transparent;padding:0px;margin-top:0px;margin-bottom:0px;\">\n<!-- START REVOLUTION SLIDER 5.4.6.6 fullwidth mode -->\n\t<div id=\"rev_slider_1_2\" class=\"rev_slider fullwidthabanner\" style=\"display:none;\" data-version=\"5.4.6.6\">\n<ul>\t<!-- SLIDE  -->\n\t<li data-index=\"rs-5\" data-transition=\"fade\" data-slotamount=\"default\" data-hideafterloop=\"0\" data-hideslideonmobile=\"off\"  data-easein=\"default\" data-easeout=\"default\" data-masterspeed=\"300\"  data-thumb=\"\"  data-rotate=\"0\"  data-saveperformance=\"off\"  data-title=\"Slide\" data-param1=\"\" data-param2=\"\" data-param3=\"\" data-param4=\"\" data-param5=\"\" data-param6=\"\" data-param7=\"\" data-param8=\"\" data-param9=\"\" data-param10=\"\" data-description=\"\">\n\t\t<!-- MAIN IMAGE -->\n\t\t<img loading=\"lazy\" decoding=\"async\" src=\"\/wp-content\/uploads\/2023\/11\/tls1_0004_Sloj-1.jpg\"  alt=\"\"  width=\"1920\" height=\"1080\" data-bgposition=\"center center\" data-bgfit=\"cover\" data-bgrepeat=\"no-repeat\" class=\"rev-slidebg\" data-no-retina>\n\t\t<!-- LAYERS -->\n\t<\/li>\n\t<!-- SLIDE  -->\n\t<li data-index=\"rs-4\" data-transition=\"fade\" data-slotamount=\"default\" data-hideafterloop=\"0\" data-hideslideonmobile=\"off\"  data-easein=\"default\" data-easeout=\"default\" data-masterspeed=\"300\"  data-thumb=\"\"  data-rotate=\"0\"  data-saveperformance=\"off\"  data-title=\"Slide\" data-param1=\"\" data-param2=\"\" data-param3=\"\" data-param4=\"\" data-param5=\"\" data-param6=\"\" data-param7=\"\" data-param8=\"\" data-param9=\"\" data-param10=\"\" data-description=\"\">\n\t\t<!-- MAIN IMAGE -->\n\t\t<img loading=\"lazy\" decoding=\"async\" src=\"\/wp-content\/uploads\/2023\/11\/tls1_0003_Sloj-2.jpg\"  alt=\"\"  width=\"1920\" height=\"1080\" data-bgposition=\"center center\" data-bgfit=\"cover\" data-bgrepeat=\"no-repeat\" class=\"rev-slidebg\" data-no-retina>\n\t\t<!-- LAYERS -->\n\t<\/li>\n\t<!-- SLIDE  -->\n\t<li data-index=\"rs-2\" data-transition=\"fade\" data-slotamount=\"default\" data-hideafterloop=\"0\" data-hideslideonmobile=\"off\"  data-easein=\"default\" data-easeout=\"default\" data-masterspeed=\"300\"  data-thumb=\"\"  data-rotate=\"0\"  data-saveperformance=\"off\"  data-title=\"Slide\" data-param1=\"\" data-param2=\"\" data-param3=\"\" data-param4=\"\" data-param5=\"\" data-param6=\"\" data-param7=\"\" data-param8=\"\" data-param9=\"\" data-param10=\"\" data-description=\"\">\n\t\t<!-- MAIN IMAGE -->\n\t\t<img loading=\"lazy\" decoding=\"async\" src=\"\/wp-content\/uploads\/2023\/11\/tls1_0001_Sloj-4.jpg\"  alt=\"\"  width=\"1920\" height=\"1080\" data-bgposition=\"center center\" data-bgfit=\"cover\" data-bgrepeat=\"no-repeat\" class=\"rev-slidebg\" data-no-retina>\n\t\t<!-- LAYERS -->\n\t<\/li>\n\t<!-- SLIDE  -->\n\t<li data-index=\"rs-3\" data-transition=\"fade\" data-slotamount=\"default\" data-hideafterloop=\"0\" data-hideslideonmobile=\"off\"  data-easein=\"default\" data-easeout=\"default\" data-masterspeed=\"300\"  data-thumb=\"\"  data-rotate=\"0\"  data-saveperformance=\"off\"  data-title=\"Slide\" data-param1=\"\" data-param2=\"\" data-param3=\"\" data-param4=\"\" data-param5=\"\" data-param6=\"\" data-param7=\"\" data-param8=\"\" data-param9=\"\" data-param10=\"\" data-description=\"\">\n\t\t<!-- MAIN IMAGE -->\n\t\t<img loading=\"lazy\" decoding=\"async\" src=\"\/wp-content\/uploads\/2023\/11\/tls1_0002_Sloj-3.jpg\"  alt=\"\"  width=\"1920\" height=\"1080\" data-bgposition=\"center center\" data-bgfit=\"cover\" data-bgrepeat=\"no-repeat\" class=\"rev-slidebg\" data-no-retina>\n\t\t<!-- LAYERS -->\n\t<\/li>\n\t<!-- SLIDE  -->\n\t<li data-index=\"rs-1\" data-transition=\"fade\" data-slotamount=\"default\" data-hideafterloop=\"0\" data-hideslideonmobile=\"off\"  data-easein=\"default\" data-easeout=\"default\" data-masterspeed=\"300\"  data-thumb=\"\"  data-rotate=\"0\"  data-saveperformance=\"off\"  data-title=\"Slide\" data-param1=\"\" data-param2=\"\" data-param3=\"\" data-param4=\"\" data-param5=\"\" data-param6=\"\" data-param7=\"\" data-param8=\"\" data-param9=\"\" data-param10=\"\" data-description=\"\">\n\t\t<!-- MAIN IMAGE -->\n\t\t<img loading=\"lazy\" decoding=\"async\" src=\"\/wp-content\/uploads\/2023\/11\/tls1_0000_Sloj-5.jpg\"  alt=\"\"  width=\"1920\" height=\"1080\" data-bgposition=\"center center\" data-bgfit=\"cover\" data-bgrepeat=\"no-repeat\" class=\"rev-slidebg\" data-no-retina>\n\t\t<!-- LAYERS -->\n\t<\/li>\n<\/ul>\n<script>var htmlDiv = document.getElementById(\"rs-plugin-settings-inline-css\"); var htmlDivCss=\"\";\r\n\t\t\t\t\t\tif(htmlDiv) {\r\n\t\t\t\t\t\t\thtmlDiv.innerHTML = htmlDiv.innerHTML + htmlDivCss;\r\n\t\t\t\t\t\t}else{\r\n\t\t\t\t\t\t\tvar htmlDiv = document.createElement(\"div\");\r\n\t\t\t\t\t\t\thtmlDiv.innerHTML = \"<style>\" + htmlDivCss + \"<\/style>\";\r\n\t\t\t\t\t\t\tdocument.getElementsByTagName(\"head\")[0].appendChild(htmlDiv.childNodes[0]);\r\n\t\t\t\t\t\t}\r\n\t\t\t\t\t<\/script>\n<div class=\"tp-bannertimer tp-bottom\" style=\"visibility: hidden !important;\"><\/div>\t<\/div>\n<script>var htmlDiv = document.getElementById(\"rs-plugin-settings-inline-css\"); var htmlDivCss=\"\";\r\n\t\t\t\tif(htmlDiv) {\r\n\t\t\t\t\thtmlDiv.innerHTML = htmlDiv.innerHTML + htmlDivCss;\r\n\t\t\t\t}else{\r\n\t\t\t\t\tvar htmlDiv = document.createElement(\"div\");\r\n\t\t\t\t\thtmlDiv.innerHTML = \"<style>\" + htmlDivCss + \"<\/style>\";\r\n\t\t\t\t\tdocument.getElementsByTagName(\"head\")[0].appendChild(htmlDiv.childNodes[0]);\r\n\t\t\t\t}\r\n\t\t\t<\/script>\n\t\t<script type=\"text\/javascript\">\r\nsetREVStartSize({c: '#rev_slider_1_2', gridwidth: [1240], gridheight: [400], sliderLayout: 'auto'});\r\n\t\t\t\r\nvar revapi1,\r\n\ttpj;\r\ndocument.addEventListener(\"DOMContentLoaded\", function() {\ntpj = jQuery;\tif(tpj(\"#rev_slider_1_2\").revolution == undefined){\n\t\trevslider_showDoubleJqueryError(\"#rev_slider_1_2\");\n\t}else{\n\t\trevapi1 = tpj(\"#rev_slider_1_2\").show().revolution({\n\t\t\tsliderType:\"standard\",\n\t\t\tjsFileLocation:\"\/\/tls-company.com.tr\/wp-content\/plugins\/revslider\/public\/assets\/js\/\",\n\t\t\tsliderLayout:\"auto\",\n\t\t\tdottedOverlay:\"none\",\n\t\t\tdelay:9000,\n\t\t\tnavigation: {\n\t\t\t\tkeyboardNavigation:\"off\",\n\t\t\t\tkeyboard_direction: \"horizontal\",\n\t\t\t\tmouseScrollNavigation:\"off\",\n \t\t\t\t\t\t\tmouseScrollReverse:\"default\",\n\t\t\t\tonHoverStop:\"off\",\n\t\t\t\tarrows: {\n\t\t\t\t\tstyle:\"hesperiden\",\n\t\t\t\t\tenable:true,\n\t\t\t\t\thide_onmobile:false,\n\t\t\t\t\thide_onleave:false,\n\t\t\t\t\ttmp:'',\n\t\t\t\t\tleft: {\n\t\t\t\t\t\th_align:\"left\",\n\t\t\t\t\t\tv_align:\"center\",\n\t\t\t\t\t\th_offset:20,\n\t\t\t\t\t\tv_offset:0\n\t\t\t\t\t},\n\t\t\t\t\tright: {\n\t\t\t\t\t\th_align:\"right\",\n\t\t\t\t\t\tv_align:\"center\",\n\t\t\t\t\t\th_offset:20,\n\t\t\t\t\t\tv_offset:0\n\t\t\t\t\t}\n\t\t\t\t}\n\t\t\t},\n\t\t\tvisibilityLevels:[1240,1024,778,480],\n\t\t\tgridwidth:1240,\n\t\t\tgridheight:400,\n\t\t\tlazyType:\"none\",\n\t\t\tshadow:0,\n\t\t\tspinner:\"spinner0\",\n\t\t\tstopLoop:\"off\",\n\t\t\tstopAfterLoops:-1,\n\t\t\tstopAtSlide:-1,\n\t\t\tshuffle:\"off\",\n\t\t\tautoHeight:\"off\",\n\t\t\tdisableProgressBar:\"on\",\n\t\t\thideThumbsOnMobile:\"off\",\n\t\t\thideSliderAtLimit:0,\n\t\t\thideCaptionAtLimit:0,\n\t\t\thideAllCaptionAtLilmit:0,\n\t\t\tdebugMode:false,\n\t\t\tfallbacks: {\n\t\t\t\tsimplifyAll:\"off\",\n\t\t\t\tnextSlideOnWindowFocus:\"off\",\n\t\t\t\tdisableFocusListener:false,\n\t\t\t}\n\t\t});\n\t}\n\t\n});\t\/*ready*\/\n<\/script>\r\n\t\t<script>\r\n\t\t\t\t\tvar htmlDivCss = unescape(\".hesperiden.tparrows%20%7B%0A%09cursor%3Apointer%3B%0A%09background%3Argba%280%2C0%2C0%2C0.5%29%3B%0A%09width%3A40px%3B%0A%09height%3A40px%3B%0A%09position%3Aabsolute%3B%0A%09display%3Ablock%3B%0A%09z-index%3A100%3B%0A%20%20%20%20border-radius%3A%2050%25%3B%0A%7D%0A.hesperiden.tparrows%3Ahover%20%7B%0A%09background%3Argba%280%2C%200%2C%200%2C%201%29%3B%0A%7D%0A.hesperiden.tparrows%3Abefore%20%7B%0A%09font-family%3A%20%22revicons%22%3B%0A%09font-size%3A20px%3B%0A%09color%3Argb%28255%2C%20255%2C%20255%29%3B%0A%09display%3Ablock%3B%0A%09line-height%3A%2040px%3B%0A%09text-align%3A%20center%3B%0A%7D%0A.hesperiden.tparrows.tp-leftarrow%3Abefore%20%7B%0A%09content%3A%20%22%5Ce82c%22%3B%0A%20%20%20%20margin-left%3A-3px%3B%0A%7D%0A.hesperiden.tparrows.tp-rightarrow%3Abefore%20%7B%0A%09content%3A%20%22%5Ce82d%22%3B%0A%20%20%20%20margin-right%3A-3px%3B%0A%7D%0A\");\r\n\t\t\t\t\tvar htmlDiv = document.getElementById('rs-plugin-settings-inline-css');\r\n\t\t\t\t\tif(htmlDiv) {\r\n\t\t\t\t\t\thtmlDiv.innerHTML = htmlDiv.innerHTML + htmlDivCss;\r\n\t\t\t\t\t}\r\n\t\t\t\t\telse{\r\n\t\t\t\t\t\tvar htmlDiv = document.createElement('div');\r\n\t\t\t\t\t\thtmlDiv.innerHTML = '<style>' + htmlDivCss + '<\/style>';\r\n\t\t\t\t\t\tdocument.getElementsByTagName('head')[0].appendChild(htmlDiv.childNodes[0]);\r\n\t\t\t\t\t}\r\n\t\t\t\t  <\/script>\r\n\t\t\t\t<\/div><!-- END REVOLUTION SLIDER -->[\/vc_column][\/vc_row][vc_row][vc_column width=&#8221;1\/2&#8243;][vc_raw_html]JTNDaW1nJTIwc3JjJTNEJTIyJTJGd3AtY29udGVudCUyRnVwbG9hZHMlMkYyMDIzJTJGMTElMkZ0bHNfMDAwMV9TbG9qLTEuanBnJTIyJTIwc3R5bGUlM0QlMjJib3JkZXItcmFkaXVzJTNBJTIwMTVweCUzQiUyMGZpbHRlciUzQSUyMGdyYXlzY2FsZSUyODElMjklM0IlMjIlM0UlMEElMEElM0NhJTIwaHJlZiUzRCUyMiUyRnByb2R1a3RzaXlhJTIyJTIwdGFyZ2V0JTNEJTIyX3NlbGYlMjIlMjB0aXRsZSUzRCUyMiUyMiUyMHJlbCUzRCUyMm5vb3BlbmVyJTIyJTIwc3R5bGUlM0QlMjJwYWRkaW5nJTNBJTIwMjBweCUzQmRpc3BsYXklM0ElMjBibG9jayUzQnRleHQtdHJhbnNmb3JtJTNBJTIwdXBwZXJjYXNlJTNCJTIyJTNFJUMzJTlDciVDMyVCQ25sZXIlM0MlMkZhJTNFJTBB[\/vc_raw_html][\/vc_column][vc_column width=&#8221;1\/2&#8243;][vc_raw_html]JTNDaW1nJTIwc3JjJTNEJTIyJTJGd3AtY29udGVudCUyRnVwbG9hZHMlMkYyMDIzJTJGMTElMkZ0bHNfMDAwMF9TbG9qLTItMS5qcGclMjIlMjBzdHlsZSUzRCUyMmJvcmRlci1yYWRpdXMlM0ElMjAxNXB4JTNCJTIyJTNFJTBBJTBBJTNDYSUyMGhyZWYlM0QlMjIlMkZwcm9penZvZGl0ZWxpJTIyJTIwdGFyZ2V0JTNEJTIyX3NlbGYlMjIlMjB0aXRsZSUzRCUyMiUyMiUyMHJlbCUzRCUyMm5vb3BlbmVyJTIyJTIwc3R5bGUlM0QlMjJwYWRkaW5nJTNBJTIwMjBweCUzQmRpc3BsYXklM0ElMjBibG9jayUzQnRleHQtdHJhbnNmb3JtJTNBJTIwdXBwZXJjYXNlJTNCJTIyJTNFJUMzJTlDcmV0aWNpbGVyJTNDJTJGYSUzRQ==[\/vc_raw_html][\/vc_column][\/vc_row][vc_row][vc_column][vc_column_text]\n<p>TLS IHRACAT ITHALAT TICARET LIMITED SIRKETI m\u00fc\u015fterilerine elektronik proje ve \u00fcretimleri i\u00e7in y\u00fcksek kaliteli ve geli\u015fmi\u015f bile\u015fenler sa\u011flayan g\u00fcvenilir bir elektronik bile\u015fen tedarik\u00e7isidir. Mikrodenetleyiciler, sens\u00f6rler, kapasit\u00f6rler, diren\u00e7ler ve di\u011fer bir\u00e7ok \u00f6\u011feyi i\u00e7eren geni\u015f bir \u00fcr\u00fcn yelpazesinin tedarikinde uzman\u0131z. \u015eirketimiz h\u0131zl\u0131 ve g\u00fcvenilir teslimat, y\u00fcksek d\u00fczeyde m\u00fc\u015fteri hizmetleri ve rekabet\u00e7i fiyatlarla gurur duymaktad\u0131r. Elektronik bile\u015fenlere ihtiya\u00e7 duyan herkes i\u00e7in g\u00fcvenilir bir ortak olmaya ve projelerinde ba\u015far\u0131ya ula\u015fmalar\u0131na yard\u0131mc\u0131 olmaya \u00e7al\u0131\u015f\u0131yoruz.<\/p>\n[\/vc_column_text][\/vc_column][\/vc_row]","protected":false},"excerpt":{"rendered":"<p>[vc_row css=&#8221;.vc_custom_1700149490716{margin-bottom: 40px !important;}&#8221;][vc_column][\/vc_column][\/vc_row][vc_row][vc_column width=&#8221;1\/2&#8243;][vc_raw_html]JTNDaW1nJTIwc3JjJTNEJTIyJTJGd3AtY29udGVudCUyRnVwbG9hZHMlMkYyMDIzJTJGMTElMkZ0bHNfMDAwMV9TbG9qLTEuanBnJTIyJTIwc3R5bGUlM0QlMjJib3JkZXItcmFkaXVzJTNBJTIwMTVweCUzQiUyMGZpbHRlciUzQSUyMGdyYXlzY2FsZSUyODElMjklM0IlMjIlM0UlMEElMEElM0NhJTIwaHJlZiUzRCUyMiUyRnByb2R1a3RzaXlhJTIyJTIwdGFyZ2V0JTNEJTIyX3NlbGYlMjIlMjB0aXRsZSUzRCUyMiUyMiUyMHJlbCUzRCUyMm5vb3BlbmVyJTIyJTIwc3R5bGUlM0QlMjJwYWRkaW5nJTNBJTIwMjBweCUzQmRpc3BsYXklM0ElMjBibG9jayUzQnRleHQtdHJhbnNmb3JtJTNBJTIwdXBwZXJjYXNlJTNCJTIyJTNFJUMzJTlDciVDMyVCQ25sZXIlM0MlMkZhJTNFJTBB[\/vc_raw_html][\/vc_column][vc_column width=&#8221;1\/2&#8243;][vc_raw_html]JTNDaW1nJTIwc3JjJTNEJTIyJTJGd3AtY29udGVudCUyRnVwbG9hZHMlMkYyMDIzJTJGMTElMkZ0bHNfMDAwMF9TbG9qLTItMS5qcGclMjIlMjBzdHlsZSUzRCUyMmJvcmRlci1yYWRpdXMlM0ElMjAxNXB4JTNCJTIyJTNFJTBBJTBBJTNDYSUyMGhyZWYlM0QlMjIlMkZwcm9penZvZGl0ZWxpJTIyJTIwdGFyZ2V0JTNEJTIyX3NlbGYlMjIlMjB0aXRsZSUzRCUyMiUyMiUyMHJlbCUzRCUyMm5vb3BlbmVyJTIyJTIwc3R5bGUlM0QlMjJwYWRkaW5nJTNBJTIwMjBweCUzQmRpc3BsYXklM0ElMjBibG9jayUzQnRleHQtdHJhbnNmb3JtJTNBJTIwdXBwZXJjYXNlJTNCJTIyJTNFJUMzJTlDcmV0aWNpbGVyJTNDJTJGYSUzRQ==[\/vc_raw_html][\/vc_column][\/vc_row][vc_row][vc_column][vc_column_text] TLS IHRACAT ITHALAT TICARET LIMITED SIRKETI m\u00fc\u015fterilerine elektronik proje ve \u00fcretimleri i\u00e7in y\u00fcksek kaliteli ve geli\u015fmi\u015f bile\u015fenler sa\u011flayan g\u00fcvenilir bir elektronik bile\u015fen tedarik\u00e7isidir. Mikrodenetleyiciler, sens\u00f6rler, kapasit\u00f6rler, diren\u00e7ler ve di\u011fer bir\u00e7ok \u00f6\u011feyi i\u00e7eren geni\u015f bir &hellip; <a href=\"https:\/\/tls-company.com.tr\/tr\/\">Devam\u0131<\/a><\/p>\n","protected":false},"author":1,"featured_media":0,"parent":0,"menu_order":0,"comment_status":"closed","ping_status":"open","template":"","meta":{"footnotes":""},"_links":{"self":[{"href":"https:\/\/tls-company.com.tr\/tr\/wp-json\/wp\/v2\/pages\/2"}],"collection":[{"href":"https:\/\/tls-company.com.tr\/tr\/wp-json\/wp\/v2\/pages"}],"about":[{"href":"https:\/\/tls-company.com.tr\/tr\/wp-json\/wp\/v2\/types\/page"}],"author":[{"embeddable":true,"href":"https:\/\/tls-company.com.tr\/tr\/wp-json\/wp\/v2\/users\/1"}],"replies":[{"embeddable":true,"href":"https:\/\/tls-company.com.tr\/tr\/wp-json\/wp\/v2\/comments?post=2"}],"version-history":[{"count":15,"href":"https:\/\/tls-company.com.tr\/tr\/wp-json\/wp\/v2\/pages\/2\/revisions"}],"predecessor-version":[{"id":13563,"href":"https:\/\/tls-company.com.tr\/tr\/wp-json\/wp\/v2\/pages\/2\/revisions\/13563"}],"wp:attachment":[{"href":"https:\/\/tls-company.com.tr\/tr\/wp-json\/wp\/v2\/media?parent=2"}],"curies":[{"name":"wp","href":"https:\/\/api.w.org\/{rel}","templated":true}]}}